{"id":155,"date":"2021-11-22T12:15:58","date_gmt":"2021-11-22T12:15:58","guid":{"rendered":"http:\/\/www.consellcastello.org\/?page_id=155"},"modified":"2021-12-15T12:20:59","modified_gmt":"2021-12-15T12:20:59","slug":"aviso-legal","status":"publish","type":"page","link":"https:\/\/www.consellcastello.org\/val\/aviso-legal\/","title":{"rendered":"Av\u00eds legal"},"content":{"rendered":"<div data-elementor-type=\"wp-page\" data-elementor-id=\"155\" class=\"elementor elementor-155\">\n\t\t\t\t\t\t<section class=\"elementor-section elementor-top-section elementor-element elementor-element-abef6ad elementor-section-boxed elementor-section-height-default elementor-section-height-default\" data-id=\"abef6ad\" data-element_type=\"section\" data-settings=\"{&quot;background_background&quot;:&quot;classic&quot;}\">\n\t\t\t\t\t\t<div class=\"elementor-container elementor-column-gap-default\">\n\t\t\t\t\t<div class=\"elementor-column elementor-col-100 elementor-top-column elementor-element elementor-element-08cf79d\" data-id=\"08cf79d\" data-element_type=\"column\">\n\t\t\t<div class=\"elementor-widget-wrap elementor-element-populated\">\n\t\t\t\t\t\t<div class=\"elementor-element elementor-element-e0ffb95 elementor-widget elementor-widget-text-editor\" data-id=\"e0ffb95\" data-element_type=\"widget\" data-widget_type=\"text-editor.default\">\n\t\t\t\t<div class=\"elementor-widget-container\">\n\t\t\t\t\t\t\t<p>El presente aviso legal regula el uso del sitio web http:\/\/www.consellcastello.org\/ (en adelante, el \u00abSitio Web\u00bb) Consell de la Joventut de Castell\u00f3 n\u00famero de CIF V12089025 y domicilio en Carrer d&#8217;Enmig, Passatge Ducal 9, Entresol C, 12001 Castell\u00f3n Tel\u00e9fono +34 620503961. Mail: info@consellcastello.org.<\/p><p>\u00a0<\/p><p><b>LEGISLACI\u00d3N<\/b><\/p><p>Con car\u00e1cter general las relaciones de Consell de la Joventut de Castell\u00f3 con los Usuarios de sus servicios telem\u00e1ticos, presentes en este sitio web, se encuentran sometidas a la legislaci\u00f3n y jurisdicci\u00f3n espa\u00f1olas.<\/p><p>\u00a0<\/p><p><b>USO Y ACCESO DE USUARIOS<\/b><\/p><p>El Usuario queda informado, y acepta, que el acceso a la presente web no supone, en modo alguno, el inicio de una relaci\u00f3n comercial con Consell de la Joventut de Castell\u00f3<\/p><p>\u00a0<\/p><p><b>PROPIEDAD INTELECTUAL E INDUSTRIAL<\/b><\/p><p>Los derechos de propiedad intelectual del contenido de las p\u00e1ginas web, su dise\u00f1o gr\u00e1fico y c\u00f3digos son titularidad de Consell de la Joventut de Castell\u00f3 y, por tanto, queda prohibida su reproducci\u00f3n, distribuci\u00f3n, comunicaci\u00f3n p\u00fablica, transformaci\u00f3n o cualquier otra actividad que se pueda realizar con los contenidos de sus p\u00e1ginas web ni aun citando las fuentes, salvo consentimiento por escrito de Consell de la Joventut de Castell\u00f3<\/p><p>\u00a0<\/p><p><b>HIPERENLACES<\/b><\/p><p>Aquellas personas que se propongan establecer hiperenlaces entre su p\u00e1gina Web y la P\u00e1gina deber\u00e1n observar y cumplir las condiciones siguientes:<\/p><p>No ser\u00e1 necesaria autorizaci\u00f3n previa cuando el Hiperenlace permita \u00fanicamente el acceso a la p\u00e1gina de inicio, pero no podr\u00e1 reproducirla de ninguna forma. Cualquier otra forma de Hiperenlace requerir\u00e1 la autorizaci\u00f3n expresa e inequ\u00edvoca por escrito por parte de Cuatro Noventa servicios profesionales S.L.\u00a0<\/p><p>No se crear\u00e1n \u201cmarcos\u201d (\u201cframes\u201d) con las p\u00e1ginas Web ni sobre las p\u00e1ginas Web Consell de la Joventut de Castell\u00f3<\/p><p>No se realizar\u00e1n manifestaciones o indicaciones falsas, inexactas, u ofensivas sobre sus directivos, sus empleados o colaboradores, o de las personas que se relacionen con Consell de la Joventut de Castell\u00f3 en la P\u00e1gina por cualquier motivo, o de los Usuarios de las P\u00e1gina, o de los Contenidos suministrados.<\/p><p>No se declarar\u00e1 ni se dar\u00e1 a entender que Consell de la Joventut de Castell\u00f3 ha autorizado el Hiperenlace o que ha supervisado o asumido de cualquier forma los Contenidos ofrecidos o puestos a disposici\u00f3n de la p\u00e1gina Web en la que se establece el Hiperenlace.<\/p><p>La p\u00e1gina Web en la que se establezca el Hiperenlace solo podr\u00e1 contener lo estrictamente necesario para identificar el destino del Hiperenlace.<\/p><p>La p\u00e1gina Web en la que se establezca el Hiperenlace no contendr\u00e1 informaciones o contenidos il\u00edcitos, contrarios a la moral y a las buenas costumbres generalmente aceptadas y al orden p\u00fablico, as\u00ed como tampoco contendr\u00e1 contenidos contrarios a cualesquiera derechos de terceros.<\/p><p>\u00a0<\/p><p><b>EXCLUSI\u00d3N DE GARANT\u00cdAS Y RESPONSABILIDAD<\/b><\/p><p>EL USUARIO reconoce que la utilizaci\u00f3n de la p\u00e1gina web y de sus contenidos y servicios se desarrolla bajo su exclusiva responsabilidad. En concreto, a t\u00edtulo meramente enunciativo, Consell de la Joventut de Castell\u00f3 no asume ninguna responsabilidad en los siguientes \u00e1mbitos:<\/p><ul><li aria-level=\"1\">La disponibilidad del funcionamiento de la p\u00e1gina web, sus servicios y contenidos y su calidad o interoperabilidad.<\/li><li aria-level=\"1\">La finalidad para la que la p\u00e1gina web sirva a los objetivos del USUARIO.<\/li><li aria-level=\"1\">La infracci\u00f3n de la legislaci\u00f3n vigente por parte del USUARIO o terceros y, en concreto, de los derechos de propiedad intelectual e industrial que sean titularidad de otras personas o entidades.<\/li><li aria-level=\"1\">La existencia de c\u00f3digos maliciosos o cualquier otro elemento inform\u00e1tico da\u00f1ino que pudiera causar el sistema inform\u00e1tico del USUARIO o de terceros. Corresponde al USUARIO, en todo caso, disponer de herramientas adecuadas para la detecci\u00f3n y desinfecci\u00f3n de estos elementos.<\/li><li aria-level=\"1\">El acceso fraudulento a los contenidos o servicios por terceos no autorizados, o, en su caso, la captura, eliminaci\u00f3n, alteraci\u00f3n, modificaci\u00f3n o manipulaci\u00f3n de los mensajes y comunicaciones de cualquier clase que dichos terceros pudiera realizar.<\/li><li aria-level=\"1\">La exactitud, veracidad, actualidad y utilidad de los contenidos y servicios ofrecidos y la utilizaci\u00f3n posterior que de ellos haga el USUARIO. Consell de la Joventut de Castell\u00f3 emplear\u00e1 todos los esfuerzos y medios razonables para facilitar la informaci\u00f3n actualizada y fehaciente.<\/li><li aria-level=\"1\">Los da\u00f1os producidos a equipos inform\u00e1ticos durante el acceso a la p\u00e1gina web y los da\u00f1os producidos a los USUARIOS cuando tengan su origen en fallos o desconexiones en las redes de telecomunicaciones que interrumpan el servicio.<\/li><li aria-level=\"1\">Los da\u00f1os o perjuicios que se deriven de circunstancias acaecidas por caso fortuito o fuerza mayor.<\/li><\/ul><p>En caso de que existan foros, el uso de los mismos u otros espacios an\u00e1logos, ha de tenerse en cuenta que los mensajes reflejen \u00fanicamente la opini\u00f3n del USUARIO que los remite, que es el \u00fanico responsable. Consell de la Joventut de Castell\u00f3 no se hace responsable del contenido de los mensajes enviados por el USUARIO.<\/p><p>\u00a0<\/p><p><b>MODIFICACI\u00d3N DE ESTE AVISO Y DURACI\u00d3N\u00a0<\/b><\/p><p>Consell de la Joventut de Castell\u00f3 se reserva el derecho de efectuar sin previo aviso las modificaciones que considere oportunas en su portal, pudiendo cambiar, suprimir o a\u00f1adir tantos contenidos y servicios que se presten a trav\u00e9s de la misma, como la forma en la que \u00e9stos aparezcan representados o localizados en su portal. La vigencia de las citadas condiciones ir\u00e1 en funci\u00f3n de su exposici\u00f3n y estar\u00e1n vigentes hasta que sean modificadas por otras debidamente publicadas.<\/p><p>\u00a0<\/p><p><b>ENLACES<\/b><\/p><p>En el caso de que en <a href=\"https:\/\/www.consellcastello.org\/val\/\">http:\/\/www.consellcastello.org\/<\/a> se incluyesen enlaces o hiperv\u00ednculos hacia otros sitios de Internet, Consell de la Joventut de Castell\u00f3 no ejercer\u00e1 ning\u00fan tipo de control sobre dichos sitios y contenidos. En ning\u00fan caso Consell de la Joventut de Castell\u00f3 asumir\u00e1 responsabilidad alguna por los contenidos de alg\u00fan enlace perteneciente a un sitio web ajeno, ni garantizar\u00e1 la disponibilidad t\u00e9cnica, calidad, fiabilidad, exactitud, amplitud, veracidad, validez y constitucionalidad de cualquier materia o informaci\u00f3n contenida en ninguno de dichos hiperv\u00ednculos y otros sitios en Internet. Igualmente, la inclusi\u00f3n de estas conexiones externas no implicar\u00e1 ning\u00fan tipo de asociaci\u00f3n, fusi\u00f3n o participaci\u00f3n con las entidades conectadas.<\/p><p>\u00a0<\/p><p><b>DERECHOS DE EXCLUSI\u00d3N<\/b><\/p><p>Consell de la Joventut de Castell\u00f3 se reserva el derecho a denegar o retirar el acceso a portal y\/o los servicios ofrecidos sin necesidad de advertencia previa, a instancia propia o de un tercero, a aquellos usuarios que incumplan el contenido de este aviso legal.<\/p><p>\u00a0<\/p><p><b>GENERALIDADES\u00a0<\/b><\/p><p>Consell de la Joventut de Castell\u00f3 perseguir\u00e1 el incumplimiento de las presentes condiciones, as\u00ed como cualquier utilizaci\u00f3n indebida de su portal ejerciendo todas las acciones civiles y penales que le puedan corresponder en derecho.<\/p><p>\u00a0<\/p><p><b>LEGISLACI\u00d3N APLICABLE Y JURISDICCI\u00d3N<\/b><\/p><p>La relaci\u00f3n entre Consell de la Joventut de Castell\u00f3 y EL USUARIO se regir\u00e1 por la normativa espa\u00f1ola vigente. Todas las disputas y reclamaciones derivadas de este aviso legal se resolver\u00e1n por los juzgados y tribunales de Castell\u00f3n.<\/p><p>\u00a0<\/p><p><b>MENORES DE EDAD<\/b><\/p><p>http:\/\/www.consellcastello.org\/ dirige sus servicios a usuarios mayores de 18 a\u00f1os. Los menores de esta edad no est\u00e1n autorizados a utilizar nuestros servicios y no deber\u00e1n, por tanto, enviarnos sus datos personales. Informamos de que, si se da tal circunstancia, Consell de la Joventut de Castell\u00f3 no se hace responsable de las posibles consecuencias que pudieran derivarse del incumplimiento del aviso que en esta misma cl\u00e1usula se establece.<\/p><p>\u00a0<\/p><p><b>CL\u00c1USULA DE LEGITIMACI\u00d3N DE CORREO ELECTR\u00d3NICO<\/b><\/p><p>En cumplimiento de lo previsto por el Reglamento (UE) 2016\/679, del Parlamento Europeo y del Consejo, de 27 de abril de 2016, relativo a la protecci\u00f3n de las personas f\u00edsicas en lo que respecta al tratamiento de datos personales (Reglamento Europeo de Protecci\u00f3n de Datos) y por la Ley Org\u00e1nica 3\/2018, de 5 de diciembre, Protecci\u00f3n de Datos Personales y garant\u00eda de los derechos digitales, le informamos que su direcci\u00f3n de correo electr\u00f3nico forma parte de la base de datos de\u00a0 Consell de la Joventut de Castell\u00f3, provisto de CIF V12089025 y domicilio en Carrer d&#8217;Enmig, Passatge Ducal 9, Entresol C, 12001 Castell\u00f3\u00a0<\/p><p>\u00a0<\/p><p>Su direcci\u00f3n de correo electr\u00f3nico se utiliza con la finalidad de atender a los clientes, proveedores y colaboradores de Consell de la Joventut de Castell\u00f3 a trav\u00e9s de Consell de la Joventut de Castell\u00f3 y la base jur\u00eddica para tal utilizaci\u00f3n es el consentimiento otorgado por usted para el uso de sus datos con esta finalidad. Usted tiene derecho a retirar este consentimiento en cualquier momento.<\/p><p>\u00a0<\/p><p>De acuerdo con el art\u00edculo 13 del Reglamento Europeo de Protecci\u00f3n de Datos y el art\u00edculo 11 de la Ley Org\u00e1nica 3\/2018, de Protecci\u00f3n de Datos, le informamos que usted tiene derecho a ejercer en relaci\u00f3n a sus datos personales los derechos de acceso, rectificaci\u00f3n, supresi\u00f3n, portabilidad, limitaci\u00f3n del tratamiento, as\u00ed como a oponerse a dicho tratamiento o al uso de sus datos para la elaboraci\u00f3n de decisiones individuales automatizadas incluida la elaboraci\u00f3n de perfiles, contactando con la siguiente direcci\u00f3n de correo electr\u00f3nico: info@consellcastello.org. Igualmente le informamos que usted tiene derecho a presentar una reclamaci\u00f3n ante la autoridad de control competente en caso de que considere que se ha vulnerado alg\u00fan derecho en relaci\u00f3n a la protecci\u00f3n de sus datos personales.<\/p>\t\t\t\t\t\t<\/div>\n\t\t\t\t<\/div>\n\t\t\t\t\t<\/div>\n\t\t<\/div>\n\t\t\t\t\t<\/div>\n\t\t<\/section>\n\t\t\t\t<\/div>","protected":false},"excerpt":{"rendered":"<p>El presente aviso legal regula el uso del sitio web http:\/\/www.consellcastello.org\/ (en adelante, el \u00abSitio Web\u00bb) Consell de la Joventut de Castell\u00f3 n\u00famero de CIF V12089025 y domicilio en Carrer [&hellip;]<\/p>","protected":false},"author":1,"featured_media":0,"parent":0,"menu_order":0,"comment_status":"closed","ping_status":"closed","template":"elementor_header_footer","meta":{"footnotes":""},"class_list":["post-155","page","type-page","status-publish","hentry"],"_links":{"self":[{"href":"https:\/\/www.consellcastello.org\/val\/wp-json\/wp\/v2\/pages\/155","targetHints":{"allow":["GET"]}}],"collection":[{"href":"https:\/\/www.consellcastello.org\/val\/wp-json\/wp\/v2\/pages"}],"about":[{"href":"https:\/\/www.consellcastello.org\/val\/wp-json\/wp\/v2\/types\/page"}],"author":[{"embeddable":true,"href":"https:\/\/www.consellcastello.org\/val\/wp-json\/wp\/v2\/users\/1"}],"replies":[{"embeddable":true,"href":"https:\/\/www.consellcastello.org\/val\/wp-json\/wp\/v2\/comments?post=155"}],"version-history":[{"count":7,"href":"https:\/\/www.consellcastello.org\/val\/wp-json\/wp\/v2\/pages\/155\/revisions"}],"predecessor-version":[{"id":1800,"href":"https:\/\/www.consellcastello.org\/val\/wp-json\/wp\/v2\/pages\/155\/revisions\/1800"}],"wp:attachment":[{"href":"https:\/\/www.consellcastello.org\/val\/wp-json\/wp\/v2\/media?parent=155"}],"curies":[{"name":"wp","href":"https:\/\/api.w.org\/{rel}","templated":true}]}}